{"id":2022,"date":"2021-11-21T16:40:11","date_gmt":"2021-11-21T16:40:11","guid":{"rendered":"https:\/\/dekkjabraedur.is\/?post_type=product&#038;p=2022"},"modified":"2023-09-29T12:39:19","modified_gmt":"2023-09-29T12:39:19","slug":"linglong-205-55r16-heilsarsdekk-4-dekk","status":"publish","type":"product","link":"https:\/\/dekkjabraedur.is\/en\/vara\/linglong-205-55r16-heilsarsdekk-4-dekk\/","title":{"rendered":"Linglong 205\/55R16 heils\u00e1rsdekk (4 dekk)"},"content":{"rendered":"<p><strong>Fimm \u00e1ra \u00e1byrg\u00f0!<\/strong><\/p>\n<ul>\n<li>Dekkin eru seld fj\u00f6gur \u00ed einu.<\/li>\n<li>Mikilv\u00e6gt er a\u00f0 koma me\u00f0 h\u00f3pkaupsbr\u00e9f \u00feegar dekkin eru s\u00f3tt.<\/li>\n<li><span style=\"color: #555555; font-size: 14.4px;\">Kaupendur s\u00e6kja dekkin sj\u00e1lfir \u00e1 Brei\u00f0hellu 16 Hafnafir\u00f0i.<\/span><\/li>\n<li><span style=\"color: #555555; font-size: 14.4px;\">Einnig er \u00ed bo\u00f0i a\u00f0 kaupa p\u00f3stsendingu. Grei\u00f0sla fyrir p\u00f3stsendingu er \u00e1 kostna\u00f0 kaupanda samkv\u00e6mt ver\u00f0skr\u00e1 flutningsa\u00f0ila og grei\u00f0ist me\u00f0.<\/span><\/li>\n<\/ul>\n<p><strong>Linglong<\/strong><br \/>\nLinglong dekkin eru framleidd \u00ed Bila Tsekva dekkjaverksmi\u00f0junni \u00ed \u00dakra\u00ednu, sem stofnu\u00f0 var \u00e1ri\u00f0 1972. Fyrirt\u00e6ki\u00f0 er \u00ed dag st\u00e6rsti dekkjaframlei\u00f0andi \u00ed fyrrverandi r\u00edkjum Sov\u00e9tr\u00edkjanna.<\/p>\n<p>Fr\u00e1 \u00e1rinu 2001 hafa g\u00e6\u00f0asta\u00f0lar og g\u00e6\u00f0aeftirlit \u00ed verksmi\u00f0ju Linglong veri\u00f0 votta\u00f0ir \u00ed samr\u00e6mi vi\u00f0 ISO 9001 og framlei\u00f0slan uppfyllir g\u00e6\u00f0asta\u00f0la Evr\u00f3pusambandsins (UNECE Regulation No. 30, UNECE Regulation No. 54, UNECE Regulation No. 106, UNECE Regulation No. 117). Allar dekkjamerkingar eru skv. reglum ESB.<\/p>\n<p><strong>Fr\u00e1b\u00e6rt grip \u00e1 \u00f6llum vetrarvegum<br \/>\n<\/strong>Vi\u00f0 mismunandi akstursa\u00f0st\u00e6\u00f0ur, \u00feegar veri\u00f0 er a\u00f0 beygja, hemla e\u00f0a nau\u00f0hemla, \u00fe\u00e1 er mynstri\u00f0 \u00e1 dekkjunum alltaf a\u00f0 leitast vi\u00f0 a\u00f0 h\u00e1maka gripi\u00f0 \u00e1 veginum og \u00fer\u00fdsta vatni og sj\u00f3 \u00ed burtu.<\/p>\n<p><strong>Mikil a\u00f0l\u00f6gunarh\u00e6fni<br \/>\n<\/strong>Einstakt slitmynstur dekkjanna er hanna\u00f0 \u00feannig a\u00f0 litlu skorurnar \u00ed dekkjunum (lamellur dekksins) er ra\u00f0a\u00f0 \u00feannig a\u00f0 \u00fe\u00e6r sn\u00faa \u00f6fugt mi\u00f0a\u00f0 vi\u00f0 akstursstefnu (\u00e1 sitt hvorri hli\u00f0inni). Af \u00feeim s\u00f6kum virka skorurnar og gera sitt gagn, \u00f3h\u00e1\u00f0 \u00fev\u00ed hvernig dekki\u00f0 sn\u00fdr \u00e1 b\u00edlnum. \u00de\u00e6r virka \u00fev\u00ed \u00f3h\u00e1\u00f0 \u00fev\u00ed hvort veri\u00f0 er a\u00f0 aka beint \u00e1fram e\u00f0a beyjga.<\/p>\n<p><strong>St\u00f6\u00f0uleiki<br \/>\n<\/strong>Vegna 3D gript\u00e6kninnar er gripsv\u00e6\u00f0i 3D skoranna \u00e1 dekkinu \u00fea\u00f0 sama og gripi\u00f0 \u00e1 blautum vegum helst \u00fe\u00f3 a\u00f0 dekki slitni me\u00f0 t\u00edmanum<\/p>\n<p><strong>Veturinn m\u00e1 koma<br \/>\n<\/strong>Dekkin eru h\u00f6nnu\u00f0 s\u00e9rstaklega fyrir har\u00f0a vetur. Dekkjamynstri\u00f0 er hanna\u00f0 me\u00f0 \u00fea\u00f0 \u00ed huga a\u00f0 n\u00e1 g\u00f3\u00f0u gripi \u00e1 veginum \u00ed hva\u00f0a ve\u00f0ri sem er.<\/p>\n<p><strong>N\u00fat\u00edma t\u00e6kni n\u00fdtt til a\u00f0 h\u00e1marka grip<br \/>\n<\/strong>Mynstri\u00f0 og s\u00e9rst\u00f6k g\u00famm\u00edblanda sem tryggir sveigjanleika dekksins vi\u00f0 l\u00e1gt hitastig og h\u00f6nnu\u00f0 er af fr\u00f6nsku fyrirt\u00e6ki, veitir h\u00e1marks grip \u00e1 vetrarvegum.<\/p>\n<p><strong>Mynstri\u00f0 gerir g\u00e6fumuninn<br \/>\n<\/strong>Mynstur dekkjanna veitir gott veggrip \u00fer\u00e1tt fyrir mismunandi \u00e1stand vega. Ysti hluti mynstursins veitir gott grip \u00e1 \u00feurru malbiki, mi\u00f0hlutinn \u00e1 \u00eds og innsti hlutinn \u00ed snj\u00f3.<\/p>\n","protected":false},"excerpt":{"rendered":"<p><strong>Athuga a\u00f0 dekkin eru seld fj\u00f6gur saman<\/strong><\/p>\n<p><strong>St\u00e6r\u00f0in 205\/55R16 hentar einnig fyrir:<br \/>\n<\/strong>195\/55R16 | 215\/55R16 | 205\/60R16 | 205\/50R16<\/p>\n","protected":false},"featured_media":2013,"template":"","meta":[],"product_cat":[101,102],"product_tag":[],"yoast_head":"<!-- This site is optimized with the Yoast SEO plugin v20.3 - https:\/\/yoast.com\/wordpress\/plugins\/seo\/ -->\n<title>Linglong 205\/55R16 heils\u00e1rsdekk | Fimm \u00e1ra \u00e1byrg\u00f0! | dekkjabraedur.is<\/title>\n<meta name=\"description\" content=\"Dekkjast\u00e6r\u00f0in hentar einnig fyrir 195\/55R16 | 215\/55R16 | 205\/60R16 | 205\/50R16. Linglong heils\u00e1rsdekkin eru h\u00f6nnu\u00f0 fyrir erfi\u00f0an vetur.\" \/>\n<meta name=\"robots\" content=\"index, follow, max-snippet:-1, max-image-preview:large, max-video-preview:-1\" \/>\n<link rel=\"canonical\" href=\"https:\/\/dekkjabraedur.is\/vara\/linglong-205-55r16-heilsarsdekk-4-dekk\/\" \/>\n<meta property=\"og:locale\" content=\"en_US\" \/>\n<meta property=\"og:type\" content=\"article\" \/>\n<meta property=\"og:title\" content=\"Linglong 205\/55R16 heils\u00e1rsdekk | Fimm \u00e1ra \u00e1byrg\u00f0! | dekkjabraedur.is\" \/>\n<meta property=\"og:description\" content=\"Dekkjast\u00e6r\u00f0in hentar einnig fyrir 195\/55R16 | 215\/55R16 | 205\/60R16 | 205\/50R16. Linglong heils\u00e1rsdekkin eru h\u00f6nnu\u00f0 fyrir erfi\u00f0an vetur.\" \/>\n<meta property=\"og:url\" content=\"https:\/\/dekkjabraedur.is\/vara\/linglong-205-55r16-heilsarsdekk-4-dekk\/\" \/>\n<meta property=\"og:site_name\" content=\"Dekkjabr&aelig;&eth;ur\" \/>\n<meta property=\"article:modified_time\" content=\"2023-09-29T12:39:19+00:00\" \/>\n<meta property=\"og:image\" content=\"https:\/\/dekkjabraedur.is\/wp-content\/uploads\/2021\/11\/Linglong-dekk-2.jpg\" \/>\n\t<meta property=\"og:image:width\" content=\"700\" \/>\n\t<meta property=\"og:image:height\" content=\"700\" \/>\n\t<meta property=\"og:image:type\" content=\"image\/jpeg\" \/>\n<meta name=\"twitter:card\" content=\"summary_large_image\" \/>\n<meta name=\"twitter:label1\" content=\"Est. reading time\" \/>\n\t<meta name=\"twitter:data1\" content=\"2 minutes\" \/>\n<script type=\"application\/ld+json\" class=\"yoast-schema-graph\">{\"@context\":\"https:\/\/schema.org\",\"@graph\":[{\"@type\":\"WebPage\",\"@id\":\"https:\/\/dekkjabraedur.is\/vara\/linglong-205-55r16-heilsarsdekk-4-dekk\/\",\"url\":\"https:\/\/dekkjabraedur.is\/vara\/linglong-205-55r16-heilsarsdekk-4-dekk\/\",\"name\":\"Linglong 205\/55R16 heils\u00e1rsdekk | Fimm \u00e1ra \u00e1byrg\u00f0! | dekkjabraedur.is\",\"isPartOf\":{\"@id\":\"https:\/\/dekkjabraedur.is\/#website\"},\"datePublished\":\"2021-11-21T16:40:11+00:00\",\"dateModified\":\"2023-09-29T12:39:19+00:00\",\"description\":\"Dekkjast\u00e6r\u00f0in hentar einnig fyrir 195\/55R16 | 215\/55R16 | 205\/60R16 | 205\/50R16. Linglong heils\u00e1rsdekkin eru h\u00f6nnu\u00f0 fyrir erfi\u00f0an vetur.\",\"breadcrumb\":{\"@id\":\"https:\/\/dekkjabraedur.is\/vara\/linglong-205-55r16-heilsarsdekk-4-dekk\/#breadcrumb\"},\"inLanguage\":\"en-US\",\"potentialAction\":[{\"@type\":\"ReadAction\",\"target\":[\"https:\/\/dekkjabraedur.is\/vara\/linglong-205-55r16-heilsarsdekk-4-dekk\/\"]}]},{\"@type\":\"BreadcrumbList\",\"@id\":\"https:\/\/dekkjabraedur.is\/vara\/linglong-205-55r16-heilsarsdekk-4-dekk\/#breadcrumb\",\"itemListElement\":[{\"@type\":\"ListItem\",\"position\":1,\"name\":\"Home\",\"item\":\"https:\/\/dekkjabraedur.is\/\"},{\"@type\":\"ListItem\",\"position\":2,\"name\":\"Shop\",\"item\":\"https:\/\/dekkjabraedur.is\/en\/shop\/\"},{\"@type\":\"ListItem\",\"position\":3,\"name\":\"Linglong 205\/55R16 heils\u00e1rsdekk (4 dekk)\"}]},{\"@type\":\"WebSite\",\"@id\":\"https:\/\/dekkjabraedur.is\/#website\",\"url\":\"https:\/\/dekkjabraedur.is\/\",\"name\":\"Dekkjabr&aelig;&eth;ur\",\"description\":\"Umbo&eth;sa&eth;ili Linglong Tire &aacute; &Iacute;slandi\",\"publisher\":{\"@id\":\"https:\/\/dekkjabraedur.is\/#organization\"},\"potentialAction\":[{\"@type\":\"SearchAction\",\"target\":{\"@type\":\"EntryPoint\",\"urlTemplate\":\"https:\/\/dekkjabraedur.is\/?s={search_term_string}\"},\"query-input\":\"required name=search_term_string\"}],\"inLanguage\":\"en-US\"},{\"@type\":\"Organization\",\"@id\":\"https:\/\/dekkjabraedur.is\/#organization\",\"name\":\"Linglong dekk\",\"url\":\"https:\/\/dekkjabraedur.is\/\",\"logo\":{\"@type\":\"ImageObject\",\"inLanguage\":\"en-US\",\"@id\":\"https:\/\/dekkjabraedur.is\/#\/schema\/logo\/image\/\",\"url\":\"https:\/\/dekkjabraedur.is\/wp-content\/uploads\/2021\/11\/linglong_logo.png\",\"contentUrl\":\"https:\/\/dekkjabraedur.is\/wp-content\/uploads\/2021\/11\/linglong_logo.png\",\"width\":160,\"height\":63,\"caption\":\"Linglong dekk\"},\"image\":{\"@id\":\"https:\/\/dekkjabraedur.is\/#\/schema\/logo\/image\/\"}}]}<\/script>\n<!-- \/ Yoast SEO plugin. -->","yoast_head_json":{"title":"Linglong 205\/55R16 heils\u00e1rsdekk | Fimm \u00e1ra \u00e1byrg\u00f0! | dekkjabraedur.is","description":"Dekkjast\u00e6r\u00f0in hentar einnig fyrir 195\/55R16 | 215\/55R16 | 205\/60R16 | 205\/50R16. Linglong heils\u00e1rsdekkin eru h\u00f6nnu\u00f0 fyrir erfi\u00f0an vetur.","robots":{"index":"index","follow":"follow","max-snippet":"max-snippet:-1","max-image-preview":"max-image-preview:large","max-video-preview":"max-video-preview:-1"},"canonical":"https:\/\/dekkjabraedur.is\/vara\/linglong-205-55r16-heilsarsdekk-4-dekk\/","og_locale":"en_US","og_type":"article","og_title":"Linglong 205\/55R16 heils\u00e1rsdekk | Fimm \u00e1ra \u00e1byrg\u00f0! | dekkjabraedur.is","og_description":"Dekkjast\u00e6r\u00f0in hentar einnig fyrir 195\/55R16 | 215\/55R16 | 205\/60R16 | 205\/50R16. Linglong heils\u00e1rsdekkin eru h\u00f6nnu\u00f0 fyrir erfi\u00f0an vetur.","og_url":"https:\/\/dekkjabraedur.is\/vara\/linglong-205-55r16-heilsarsdekk-4-dekk\/","og_site_name":"Dekkjabr&aelig;&eth;ur","article_modified_time":"2023-09-29T12:39:19+00:00","og_image":[{"width":700,"height":700,"url":"https:\/\/dekkjabraedur.is\/wp-content\/uploads\/2021\/11\/Linglong-dekk-2.jpg","type":"image\/jpeg"}],"twitter_card":"summary_large_image","twitter_misc":{"Est. reading time":"2 minutes"},"schema":{"@context":"https:\/\/schema.org","@graph":[{"@type":"WebPage","@id":"https:\/\/dekkjabraedur.is\/vara\/linglong-205-55r16-heilsarsdekk-4-dekk\/","url":"https:\/\/dekkjabraedur.is\/vara\/linglong-205-55r16-heilsarsdekk-4-dekk\/","name":"Linglong 205\/55R16 heils\u00e1rsdekk | Fimm \u00e1ra \u00e1byrg\u00f0! | dekkjabraedur.is","isPartOf":{"@id":"https:\/\/dekkjabraedur.is\/#website"},"datePublished":"2021-11-21T16:40:11+00:00","dateModified":"2023-09-29T12:39:19+00:00","description":"Dekkjast\u00e6r\u00f0in hentar einnig fyrir 195\/55R16 | 215\/55R16 | 205\/60R16 | 205\/50R16. Linglong heils\u00e1rsdekkin eru h\u00f6nnu\u00f0 fyrir erfi\u00f0an vetur.","breadcrumb":{"@id":"https:\/\/dekkjabraedur.is\/vara\/linglong-205-55r16-heilsarsdekk-4-dekk\/#breadcrumb"},"inLanguage":"en-US","potentialAction":[{"@type":"ReadAction","target":["https:\/\/dekkjabraedur.is\/vara\/linglong-205-55r16-heilsarsdekk-4-dekk\/"]}]},{"@type":"BreadcrumbList","@id":"https:\/\/dekkjabraedur.is\/vara\/linglong-205-55r16-heilsarsdekk-4-dekk\/#breadcrumb","itemListElement":[{"@type":"ListItem","position":1,"name":"Home","item":"https:\/\/dekkjabraedur.is\/"},{"@type":"ListItem","position":2,"name":"Shop","item":"https:\/\/dekkjabraedur.is\/en\/shop\/"},{"@type":"ListItem","position":3,"name":"Linglong 205\/55R16 heils\u00e1rsdekk (4 dekk)"}]},{"@type":"WebSite","@id":"https:\/\/dekkjabraedur.is\/#website","url":"https:\/\/dekkjabraedur.is\/","name":"Dekkjabr&aelig;&eth;ur","description":"Umbo&eth;sa&eth;ili Linglong Tire &aacute; &Iacute;slandi","publisher":{"@id":"https:\/\/dekkjabraedur.is\/#organization"},"potentialAction":[{"@type":"SearchAction","target":{"@type":"EntryPoint","urlTemplate":"https:\/\/dekkjabraedur.is\/?s={search_term_string}"},"query-input":"required name=search_term_string"}],"inLanguage":"en-US"},{"@type":"Organization","@id":"https:\/\/dekkjabraedur.is\/#organization","name":"Linglong dekk","url":"https:\/\/dekkjabraedur.is\/","logo":{"@type":"ImageObject","inLanguage":"en-US","@id":"https:\/\/dekkjabraedur.is\/#\/schema\/logo\/image\/","url":"https:\/\/dekkjabraedur.is\/wp-content\/uploads\/2021\/11\/linglong_logo.png","contentUrl":"https:\/\/dekkjabraedur.is\/wp-content\/uploads\/2021\/11\/linglong_logo.png","width":160,"height":63,"caption":"Linglong dekk"},"image":{"@id":"https:\/\/dekkjabraedur.is\/#\/schema\/logo\/image\/"}}]}},"_links":{"self":[{"href":"https:\/\/dekkjabraedur.is\/en\/wp-json\/wp\/v2\/product\/2022"}],"collection":[{"href":"https:\/\/dekkjabraedur.is\/en\/wp-json\/wp\/v2\/product"}],"about":[{"href":"https:\/\/dekkjabraedur.is\/en\/wp-json\/wp\/v2\/types\/product"}],"wp:featuredmedia":[{"embeddable":true,"href":"https:\/\/dekkjabraedur.is\/en\/wp-json\/wp\/v2\/media\/2013"}],"wp:attachment":[{"href":"https:\/\/dekkjabraedur.is\/en\/wp-json\/wp\/v2\/media?parent=2022"}],"wp:term":[{"taxonomy":"product_cat","embeddable":true,"href":"https:\/\/dekkjabraedur.is\/en\/wp-json\/wp\/v2\/product_cat?post=2022"},{"taxonomy":"product_tag","embeddable":true,"href":"https:\/\/dekkjabraedur.is\/en\/wp-json\/wp\/v2\/product_tag?post=2022"}],"curies":[{"name":"wp","href":"https:\/\/api.w.org\/{rel}","templated":true}]}}